{"id":58,"date":"2023-06-06T14:12:06","date_gmt":"2023-06-06T12:12:06","guid":{"rendered":"https:\/\/sympcoastmed.ibe.cnr.it\/?page_id=58"},"modified":"2026-02-10T14:44:18","modified_gmt":"2026-02-10T13:44:18","slug":"scientific-committee","status":"publish","type":"page","link":"https:\/\/sympcoastmed.ibe.cnr.it\/index.php\/en\/scientific-committee\/","title":{"rendered":"Scientific Committee"},"content":{"rendered":"\n<h4 class=\"wp-block-heading\">PRESIDENCY<\/h4>\n\n\n\n<p><strong>Marcantonio Catelani<\/strong>, Symposiarch, Dipartimento di Ingegneria dell&#8217;Informazione, Universit\u00e0 di Firenze<br><strong>Fabrizio Benincasa<\/strong>, CNR-IBE Firenze<br><strong>Laura Bonora<\/strong>, CNR-IBE Firenze<br><strong>Donatella Carboni<\/strong>, Dip. Scienze Umanistiche e Sociali Universit\u00e0 di Sassari<br><strong>Matteo De Vincenzi<\/strong>, CNR-IBE Firenze<br><strong>Giuliano Gabbani<\/strong>, Dip. Scienze della Terra, Universit\u00e0 di Firenze<br><strong>Beniamino Gioli<\/strong>, Director of CNR-IBE Firenze<br><strong>Giorgio Matteucci<\/strong>, CNR-IBE Roma &amp; President of SISEF<\/p>\n\n\n\n<p><strong>SESSIONS<\/strong><\/p>\n\n\n\n<p><strong><em>Flora and Fauna of coastal ecosystems: protection, management, monitoring<\/em><\/strong><\/p>\n\n\n\n<p><strong>Davide Travaglini (<em>President<\/em>)<\/strong>, Dip. Scienze e Tecnologie Agrarie, Alimentari, Ambientali e Forestali, Universit\u00e0 di Firenze<br><strong>Carla Cesaraccio<\/strong>, CNR-IBE Sassari<br><strong>Fabio Crocetta<\/strong>, Dip. Ecologia Marina Integrata, Stazione Zoologica Anton Dohrn, Napoli<br><strong>Sandro Lanfranco<\/strong>, Department of Biology, University of Malta, Msida, Malta<br><strong>Sabrina Lo Brutto<\/strong>, Dip. Scienze e Tecnologie Biologiche Chimiche e Farmaceutiche \u2013 Sez. Biologia Animale, Universit\u00e0 di Palermo<br><strong>Randa MEJRI<\/strong>, D\u00e9p. des Sciences de la Vie, Facult\u00e9 des Sciences, Universit\u00e9 de Sfax, Tunisie<br><strong>Federico Selvi<\/strong>, Dip. Scienze e Tecnologie Agrarie, Alimentari, Ambientali e Forestali, Universit\u00e0 di Firenze<br><strong>Roberto Tognetti<\/strong>, Facolt\u00e0 di Scienze Agrarie, Ambientali e Alimentari &#8211; Libera Universit\u00e0 di Bolzano<\/p>\n\n\n\n<p><strong><em>Geography, Tourism and Landscape of the coastal areas. Enhancement, safeguarding and dynamics of the territory<\/em><\/strong><\/p>\n\n\n\n<p><strong>Antonietta Ivona (<em>President<\/em>)<\/strong>, Dipartimento di Economia e Finanza, Universit\u00e0 di Bari<br><strong>Claudio Saragosa (<em>Co-President<\/em>)<\/strong>, Dipartimento di Architettura, Universit\u00e0 di Firenze<br><strong>Ilaria Lolli<\/strong>, Dipartimento di Giurisprudenza, Universit\u00e0 di Pisa<br><strong>Giampiero Lombardini<\/strong>, Dipartimento di Architettura e Design, Universit\u00e0 di Genova<br><strong>Lucrezia Lopez<\/strong>, Departamento de Geograf\u00eda, Universidade de Santiago de Compostela, Spain<br><strong>Federico Martellozzo<\/strong>, Dipartimento di Scienze per l\u2019Economia e l\u2019Impresa, Universit\u00e0 di Firenze<br><strong>Giovanni Messina<\/strong>, Dipartimento di Civilt\u00e0 antiche e moderne, Universit\u00e0 di Messina<br><strong>Donatella Stefania Privitera<\/strong>, Dip. Scienze della Formazione, Universit\u00e0 di Catania<br><strong>Filippo Schilleci<\/strong>, Dipartimento di Architettura, Universit\u00e0 di Palermo<br><strong>Stefano Soriani<\/strong>, Dipartimento di Economia, Universit\u00e0 di Venezia<br><strong>Alessio Valente<\/strong>, Dipartimento di Scienze e Tecnologie, Universit\u00e0 del Sannio Benevento<\/p>\n\n\n\n<p><strong><em>Morphology and evolution of coastlines and seabeds<\/em><\/strong><\/p>\n\n\n\n<p><strong>Giovanni Sarti (<em>President<\/em>)<\/strong>, Dipartimento di Scienze della Terra, Universit\u00e0 di Pisa<br><strong>Edward Anthony<\/strong>, CEREGE, Aix-en-Provence, France<br><strong>Duccio Bertoni<\/strong>, Dipartimento di Scienze della Terra, Universit\u00e0 di Pisa<br><strong>Monica Bini<\/strong>, Dip. Scienze della Terra, Universit\u00e0 di Pisa, Italy<br><strong>Edoardo Grottoli<\/strong>, School of Geog &amp; Environmental Sciences, Ulster University Northern Ireland<br><strong>Florin Z\u0103inescu, <\/strong>ICUB Research Institute of the University of Bucharest Romania<\/p>\n\n\n\n<p><strong><em>Underwater and Coastal Cultural Heritage<\/em><\/strong><\/p>\n\n\n\n<p><strong>Marinella Pasquinucci (<em>President<\/em>)<\/strong> Former Full Professor of Ancient Topography, Universit\u00e0 di Pisa, Italy<br><strong>Michel Gras (<em>Co-President<\/em>)<\/strong> Former Director de l&#8217;\u00c9cole fran\u00e7aise de Rome Emeritus CNRS, Foreign Fellow of Accademia dei Lincei<br><strong>Peter A.J. Attema<\/strong> Faculty of Arts Classical and Mediterranean Archaeology, University of Groningen, Netherlands<br><strong>Giovanna Bianchi<\/strong> Dipartimento di Scienze Storiche e dei Beni Culturali Universit\u00e0 di Siena<br><strong>Giulio Ciampoltrini<\/strong> archeologo Soprintendenza Archeologica per la Toscana<br><strong>Elif Koparal<\/strong> Dep. Classical Archaeology, Mimar Sinan Fine Arts University, Istanbul, Turkey<br><strong>Tessa Matteini<\/strong> Dipartimento di Architettura, Universit\u00e0 di Firenze<br><strong>Carlo Beltrame <\/strong>Dipartimento di Studi Umanistici, Universit\u00e0 Ca&#8217; Foscari Venezia<\/p>\n\n\n\n<p><strong><em>Coastal and offshore engineering<\/em><\/strong><\/p>\n\n\n\n<p><strong>Lorenzo Cappietti (<em>Presidente<\/em>)<\/strong>, Dipartimento di Ingegneria Civile e Ambientale Universit\u00e0 di Firenze, Presidente di GNRAC<br><strong>Carlo Carcasci<\/strong>, Dipartimento di Ingegneria Industriale, Universit\u00e0 di Firenze<br><strong>Riccardo Gori<\/strong>, Dipartimento di Ingegneria Civile e Ambientale Universit\u00e0 di Firenze<br><strong>Zhiyu Jiang<\/strong>, University of Agder, Norway<br><strong>Dogan Kisack<\/strong>, Izmir Institute of Technology, Turkey<br><strong>Ilaria Lolli<\/strong>, Dipartimento di Giurisprudenza, Universit\u00e0 di Pisa<br><strong>Giampaolo Manfrida<\/strong>, Dipartimento di Ingegneria Industriale, Universit\u00e0 di Firenze<br><strong>Luisa Nicoletti<\/strong>, Istituto Superiore per la Protezione e la Ricerca Ambientale <br><strong>Enzo Pranzini<\/strong>, GNRAC &#8211; Gruppo Nazionale per la Ricerca sull&#8217;Ambiente Costiero <br><strong>Alessandra Saponieri<\/strong>, Dipartimento di Ingegneria Civile, Ambientale, del Territorio, Edile e di Chimica, Politecnico di Bari<br><strong>Francesco Serafino<\/strong>, CNR-IBE Livorno<\/p>\n\n\n\n<p><\/p>\n","protected":false},"excerpt":{"rendered":"<p>PRESIDENCY Marcantonio Catelani, Symposiarch, Dipartimento di Ingegneria dell&#8217;Informazione, Universit\u00e0 di FirenzeFabrizio Benincasa, CNR-IBE FirenzeLaura Bonora, CNR-IBE FirenzeDonatella Carboni, Dip. Scienze Umanistiche e Sociali Universit\u00e0 di SassariMatteo De Vincenzi, CNR-IBE FirenzeGiuliano Gabbani, Dip. Scienze della Terra, Universit\u00e0 di FirenzeBeniamino Gioli, Director of CNR-IBE FirenzeGiorgio Matteucci, CNR-IBE Roma &amp; President of SISEF SESSIONS Flora and Fauna of &hellip; <\/p>\n<p class=\"link-more\"><a href=\"https:\/\/sympcoastmed.ibe.cnr.it\/index.php\/en\/scientific-committee\/\" class=\"more-link\">Leggi tutto<span class=\"screen-reader-text\"> &#8220;Scientific Committee&#8221;<\/span><\/a><\/p>\n","protected":false},"author":1,"featured_media":0,"parent":0,"menu_order":0,"comment_status":"closed","ping_status":"closed","template":"","meta":{"footnotes":""},"class_list":["post-58","page","type-page","status-publish","hentry"],"_links":{"self":[{"href":"https:\/\/sympcoastmed.ibe.cnr.it\/index.php\/wp-json\/wp\/v2\/pages\/58","targetHints":{"allow":["GET"]}}],"collection":[{"href":"https:\/\/sympcoastmed.ibe.cnr.it\/index.php\/wp-json\/wp\/v2\/pages"}],"about":[{"href":"https:\/\/sympcoastmed.ibe.cnr.it\/index.php\/wp-json\/wp\/v2\/types\/page"}],"author":[{"embeddable":true,"href":"https:\/\/sympcoastmed.ibe.cnr.it\/index.php\/wp-json\/wp\/v2\/users\/1"}],"replies":[{"embeddable":true,"href":"https:\/\/sympcoastmed.ibe.cnr.it\/index.php\/wp-json\/wp\/v2\/comments?post=58"}],"version-history":[{"count":18,"href":"https:\/\/sympcoastmed.ibe.cnr.it\/index.php\/wp-json\/wp\/v2\/pages\/58\/revisions"}],"predecessor-version":[{"id":871,"href":"https:\/\/sympcoastmed.ibe.cnr.it\/index.php\/wp-json\/wp\/v2\/pages\/58\/revisions\/871"}],"wp:attachment":[{"href":"https:\/\/sympcoastmed.ibe.cnr.it\/index.php\/wp-json\/wp\/v2\/media?parent=58"}],"curies":[{"name":"wp","href":"https:\/\/api.w.org\/{rel}","templated":true}]}}